{"id":9,"date":"2020-03-08T19:05:52","date_gmt":"2020-03-08T18:05:52","guid":{"rendered":"http:\/\/versum.be\/?page_id=9"},"modified":"2024-04-24T17:53:56","modified_gmt":"2024-04-24T15:53:56","slug":"a-propos-de","status":"publish","type":"page","link":"https:\/\/versum.be\/index.php\/a-propos-de\/","title":{"rendered":"Training"},"content":{"rendered":"\n<div class=\"wp-block-uagb-container uagb-block-93e3d347 alignfull uagb-is-root-container\"><div class=\"uagb-container-inner-blocks-wrap\">\n<div class=\"wp-block-uagb-container uagb-block-14eee243\">\n<div class=\"wp-block-uagb-advanced-heading uagb-block-f3aa093a\"><h1 class=\"uagb-heading-text\">Training<\/h1><p class=\"uagb-desc-text\"><strong>BOOSTEZ VOS APTITUDES<\/strong><\/p><div class=\"uagb-separator\"><\/div><\/div>\n\n\n\n<p class=\"has-text-align-left has-kubio-color-5-color has-text-color has-link-color has-medium-font-size wp-elements-4db6a041283d32f9327a8c8f0f3630df\">Vous souhaitez mettre \u00e0 jour ou d\u00e9velopper vos comp\u00e9tences et ou celles de vos collaborateurs pour une performance optimale face \u00e0 vos d\u00e9fis du quotidien ?<\/p>\n\n\n\n<p class=\"has-text-align-left has-kubio-color-5-color has-text-color has-link-color has-medium-font-size wp-elements-e01142ecd67fe80776e50c4581e69359\">Vous entretenez des contacts en permanence avec diff\u00e9rents interlocuteurs, que ce soit vos<br>coll\u00e8gues, fournisseurs, clients et souhaiteriez parler le m\u00eame langage&#8230;<\/p>\n<\/div>\n\n\n\n<div class=\"wp-block-uagb-container uagb-block-8d9b78d5\"><div class=\"wp-block-image is-style-rounded\">\n<figure class=\"aligncenter size-large is-resized\"><img loading=\"lazy\" decoding=\"async\" width=\"1024\" height=\"1024\" src=\"https:\/\/versum.be\/wp-content\/uploads\/2024\/03\/Training_sanstxt-1024x1024.png\" alt=\"\" class=\"wp-image-1751\" style=\"width:600px\" srcset=\"https:\/\/versum.be\/wp-content\/uploads\/2024\/03\/Training_sanstxt-1024x1024.png 1024w, https:\/\/versum.be\/wp-content\/uploads\/2024\/03\/Training_sanstxt-300x300.png 300w, https:\/\/versum.be\/wp-content\/uploads\/2024\/03\/Training_sanstxt-150x150.png 150w, https:\/\/versum.be\/wp-content\/uploads\/2024\/03\/Training_sanstxt-768x768.png 768w, https:\/\/versum.be\/wp-content\/uploads\/2024\/03\/Training_sanstxt-600x600.png 600w, https:\/\/versum.be\/wp-content\/uploads\/2024\/03\/Training_sanstxt-1080x1080.png 1080w, https:\/\/versum.be\/wp-content\/uploads\/2024\/03\/Training_sanstxt-100x100.png 100w, https:\/\/versum.be\/wp-content\/uploads\/2024\/03\/Training_sanstxt.png 1200w\" sizes=\"(max-width: 1024px) 100vw, 1024px\" \/><\/figure><\/div><\/div>\n<\/div><\/div>\n\n\n\n<blockquote class=\"wp-block-quote has-text-align-center has-large-font-size is-layout-flow wp-block-quote-is-layout-flow\" style=\"border-top-style:none;border-top-width:0px\">\n<p>D\u00e9veloppez vos aptitudes ainsi que celles <br>de vos collaborateurs pour \u00eatre arm\u00e9s <br>face aux d\u00e9fis professionnels<\/p>\n<\/blockquote>\n\n\n\n\n\n<div style=\"height:50px\" aria-hidden=\"true\" class=\"wp-block-spacer\"><\/div>\n\n\n\n<div class=\"wp-block-uagb-container uagb-block-82dbf8c1 alignfull uagb-is-root-container\"><div class=\"uagb-container-inner-blocks-wrap\">\n<header class=\"wp-block-uagb-advanced-heading uagb-block-409446c6\"><h1 class=\"uagb-heading-text\"><strong>Nos modules<\/strong><\/h1><\/header>\n<\/div><\/div>\n\n\n\n<div class=\"wp-block-uagb-container uagb-block-064a11be alignfull uagb-is-root-container\"><div class=\"uagb-container-inner-blocks-wrap\">\n<div class=\"wp-block-uagb-container uagb-block-48d43d94\"><div class=\"wp-block-image is-style-rounded\">\n<figure class=\"aligncenter size-full\"><img loading=\"lazy\" decoding=\"async\" width=\"2500\" height=\"2500\" src=\"https:\/\/versum.be\/wp-content\/uploads\/2024\/04\/3.png\" alt=\"\" class=\"wp-image-2325\" style=\"object-fit:cover\" srcset=\"https:\/\/versum.be\/wp-content\/uploads\/2024\/04\/3.png 2500w, https:\/\/versum.be\/wp-content\/uploads\/2024\/04\/3-300x300.png 300w, https:\/\/versum.be\/wp-content\/uploads\/2024\/04\/3-1024x1024.png 1024w, https:\/\/versum.be\/wp-content\/uploads\/2024\/04\/3-150x150.png 150w, https:\/\/versum.be\/wp-content\/uploads\/2024\/04\/3-768x768.png 768w, https:\/\/versum.be\/wp-content\/uploads\/2024\/04\/3-1536x1536.png 1536w, https:\/\/versum.be\/wp-content\/uploads\/2024\/04\/3-2048x2048.png 2048w, https:\/\/versum.be\/wp-content\/uploads\/2024\/04\/3-600x600.png 600w, https:\/\/versum.be\/wp-content\/uploads\/2024\/04\/3-1080x1080.png 1080w, https:\/\/versum.be\/wp-content\/uploads\/2024\/04\/3-100x100.png 100w\" sizes=\"(max-width: 2500px) 100vw, 2500px\" \/><\/figure><\/div>\n\n\n<p class=\"has-text-align-left\">Ce module est con\u00e7u pour toute les personnes en contact direct avec la client\u00e8le. <\/p>\n\n\n\n<p class=\"has-text-align-left\">Il vise \u00e0 am\u00e9liorer les comp\u00e9tences commerciales : <\/p>\n\n\n\n\n\n<div class=\"qubely-block-accordion  qubely-block-9dc12a\" data-item-toggle=\"true\">\n<div class=\"wp-block-qubely-accordion-item qubely-block-9acf8e\"><div class=\"qubely-accordion-item qubely-type-fill qubely-accordion-active\"><div class=\"qubely-accordion-panel qubely-icon-position-right\"><span class=\"qubely-accordion-panel-handler\" role=\"button\"><span class=\"qubely-accordion-panel-handler-label\">Nos domaines d&rsquo;intervention<\/span><span class=\"qubely-accordion-icon fa fa-plus\"><\/span><\/span><\/div><div class=\"qubely-accordion-body\" style=\"display:block\"><div itemprop=\"text\">\n<p class=\"has-text-align-left\">&nbsp;\u2022&nbsp; Analyse et ciblage de son march\u00e9<\/p>\n\n\n\n<p class=\"has-text-align-left\">&nbsp;\u2022&nbsp; Analyse SWOT<\/p>\n\n\n\n<p class=\"has-text-align-left\">&nbsp;\u2022&nbsp; Pitch + script<\/p>\n\n\n\n<p class=\"has-text-align-left\">&nbsp;\u2022&nbsp; Prospection t\u00e9l\u00e9phonique<\/p>\n\n\n\n<p class=\"has-text-align-left\">&nbsp;\u2022&nbsp; Contourner des objections<\/p>\n\n\n\n<p class=\"has-text-align-left\">&nbsp;\u2022&nbsp; Structurer un entretien de vente<\/p>\n\n\n\n<p class=\"has-text-align-left\">&nbsp;\u2022&nbsp; L&rsquo;art du questionnement<\/p>\n\n\n\n<p class=\"has-text-align-left\">&nbsp;\u2022&nbsp; Argumentaire et traitement des objections<\/p>\n\n\n\n<p class=\"has-text-align-left\">&nbsp;\u2022&nbsp; Closing &#8211; Engagement<\/p>\n<\/div><\/div><\/div><\/div>\n<\/div>\n<\/div>\n\n\n\n<div class=\"wp-block-uagb-container uagb-block-9f18bef2\"><div class=\"wp-block-image is-style-rounded\">\n<figure class=\"aligncenter size-full\"><img loading=\"lazy\" decoding=\"async\" width=\"2500\" height=\"2500\" src=\"https:\/\/versum.be\/wp-content\/uploads\/2024\/04\/2.png\" alt=\"\" class=\"wp-image-2326\" style=\"object-fit:cover\" srcset=\"https:\/\/versum.be\/wp-content\/uploads\/2024\/04\/2.png 2500w, https:\/\/versum.be\/wp-content\/uploads\/2024\/04\/2-300x300.png 300w, https:\/\/versum.be\/wp-content\/uploads\/2024\/04\/2-1024x1024.png 1024w, https:\/\/versum.be\/wp-content\/uploads\/2024\/04\/2-150x150.png 150w, https:\/\/versum.be\/wp-content\/uploads\/2024\/04\/2-768x768.png 768w, https:\/\/versum.be\/wp-content\/uploads\/2024\/04\/2-1536x1536.png 1536w, https:\/\/versum.be\/wp-content\/uploads\/2024\/04\/2-2048x2048.png 2048w, https:\/\/versum.be\/wp-content\/uploads\/2024\/04\/2-600x600.png 600w, https:\/\/versum.be\/wp-content\/uploads\/2024\/04\/2-1080x1080.png 1080w, https:\/\/versum.be\/wp-content\/uploads\/2024\/04\/2-100x100.png 100w\" sizes=\"(max-width: 2500px) 100vw, 2500px\" \/><\/figure><\/div>\n\n\n<p class=\"has-text-align-left\">Ce module est destin\u00e9 aux travailleurs ind\u00e9pendants (freelances) ainsi qu&rsquo;aux \u00e9quipes de recrutement de talents.<\/p>\n\n\n\n<p class=\"has-text-align-left\">Il vous permettra : <\/p>\n\n\n\n\n\n<div class=\"qubely-block-accordion  qubely-block-9dc12a\" data-item-toggle=\"true\">\n<div class=\"wp-block-qubely-accordion-item qubely-block-320d50\"><div class=\"qubely-accordion-item qubely-type-fill qubely-accordion-active\"><div class=\"qubely-accordion-panel qubely-icon-position-right\"><span class=\"qubely-accordion-panel-handler\" role=\"button\"><span class=\"qubely-accordion-panel-handler-label\">Nos domaines d&rsquo;intervention<\/span><span class=\"qubely-accordion-icon fa fa-plus\"><\/span><\/span><\/div><div class=\"qubely-accordion-body\" style=\"display:block\"><div itemprop=\"text\">\n<p class=\"has-text-align-left\">\u2022 Check list des t\u00e2ches HR Consultant<\/p>\n\n\n\n<p class=\"has-text-align-left\">\u2022 L&rsquo;offre d&#8217;emploi &#8211; Job descriptif<\/p>\n\n\n\n<p class=\"has-text-align-left\">\u2022 Les outils et les supports adapt\u00e9s<\/p>\n\n\n\n<p class=\"has-text-align-left\">\u2022 Screening t\u00e9l\u00e9phonique<\/p>\n\n\n\n<p class=\"has-text-align-left\">\u2022 Fil conducteur de l&rsquo;entretien (STAR)<\/p>\n\n\n\n<p class=\"has-text-align-left\">\u2022 Prise de r\u00e9f\u00e9rence tourn\u00e9e en opportunit\u00e9<\/p>\n\n\n\n<p class=\"has-text-align-left\">\u2022 Pr\u00e9sentation r\u00e9active &#8211; proactive de candidat<\/p>\n\n\n\n<p class=\"has-text-align-left\">\u2022 Traitement des objections<\/p>\n\n\n\n<p class=\"has-text-align-left\">\u2022 Les outils de Testing<\/p>\n<\/div><\/div><\/div><\/div>\n<\/div>\n<\/div>\n\n\n\n<div class=\"wp-block-uagb-container uagb-block-2e3361ba\"><div class=\"wp-block-image is-style-rounded\">\n<figure class=\"aligncenter size-full\"><img loading=\"lazy\" decoding=\"async\" width=\"2500\" height=\"2500\" src=\"https:\/\/versum.be\/wp-content\/uploads\/2024\/04\/1.png\" alt=\"\" class=\"wp-image-2327\" srcset=\"https:\/\/versum.be\/wp-content\/uploads\/2024\/04\/1.png 2500w, https:\/\/versum.be\/wp-content\/uploads\/2024\/04\/1-300x300.png 300w, https:\/\/versum.be\/wp-content\/uploads\/2024\/04\/1-1024x1024.png 1024w, https:\/\/versum.be\/wp-content\/uploads\/2024\/04\/1-150x150.png 150w, https:\/\/versum.be\/wp-content\/uploads\/2024\/04\/1-768x768.png 768w, https:\/\/versum.be\/wp-content\/uploads\/2024\/04\/1-1536x1536.png 1536w, https:\/\/versum.be\/wp-content\/uploads\/2024\/04\/1-2048x2048.png 2048w, https:\/\/versum.be\/wp-content\/uploads\/2024\/04\/1-600x600.png 600w, https:\/\/versum.be\/wp-content\/uploads\/2024\/04\/1-1080x1080.png 1080w, https:\/\/versum.be\/wp-content\/uploads\/2024\/04\/1-100x100.png 100w\" sizes=\"(max-width: 2500px) 100vw, 2500px\" \/><\/figure><\/div>\n\n\n<p class=\"has-text-align-left\">Ce module est con\u00e7u pour les managers. Vous y apprendrez les techniques d&rsquo;analyse du comportement qui vous aideront \u00e0 :<\/p>\n\n\n\n\n\n<div class=\"qubely-block-accordion  qubely-block-9dc12a\" data-item-toggle=\"true\">\n<div class=\"wp-block-qubely-accordion-item qubely-block-275b70\"><div class=\"qubely-accordion-item qubely-type-fill qubely-accordion-active\"><div class=\"qubely-accordion-panel qubely-icon-position-right\"><span class=\"qubely-accordion-panel-handler\" role=\"button\"><span class=\"qubely-accordion-panel-handler-label\">Nos domaines d&rsquo;intervention<\/span><span class=\"qubely-accordion-icon fa fa-plus\"><\/span><\/span><\/div><div class=\"qubely-accordion-body\" style=\"display:block\"><div itemprop=\"text\">\n<p class=\"has-text-align-left\">\u2022 Comprendre la m\u00e9thode DISC<\/p>\n\n\n\n<p class=\"has-text-align-left\">\u2022 Identifier les profils et mode de fonctionnement de vos collaborateurs<\/p>\n\n\n\n<p class=\"has-text-align-left\">\u2022 Les facteurs de motivation &#8211; Forces Motrices<\/p>\n\n\n\n<p class=\"has-text-align-left\">\u2022 Connaitre son propre style de management<\/p>\n\n\n\n<p class=\"has-text-align-left\">\u2022 Adapter sa communication et son attitude pour accompagner et motiver<\/p>\n<\/div><\/div><\/div><\/div>\n<\/div>\n<\/div>\n<\/div><\/div>\n\n\n\n<div class=\"wp-block-qubely-image qubely-block-58e1e4\" data-qubelyanimation=\"{&quot;animation&quot;:&quot;flip&quot;,&quot;name&quot;:&quot;flipRight&quot;,&quot;repeat&quot;:&quot;once&quot;,&quot;direction&quot;:&quot;Right&quot;,&quot;duration&quot;:1000,&quot;delay&quot;:0,&quot;curve&quot;:&quot;ease-in-out&quot;,&quot;openAnimation&quot;:1}\"><div class=\"qubely-block-image qubley-block-interaction qubely-image-layout-simple\"><div class=\"qubely-image-media qubely-vertical-alignment-center qubely-horizontal-alignment-center\"><figure><div class=\"qubely-image-container\"><a href=\"https:\/\/versum.be\/\"><img decoding=\"async\" class=\"qubely-image-image\" src=\"https:\/\/versum.be\/wp-content\/uploads\/2024\/04\/home-logo.png\" srcset=\"https:\/\/versum.be\/wp-content\/uploads\/2024\/04\/home-logo.png 1x, https:\/\/versum.be\/wp-content\/uploads\/2024\/04\/home-logo2.png 2x\" alt=\"\"\/><\/a><\/div><\/figure><\/div><\/div><\/div>\n","protected":false},"excerpt":{"rendered":"<p>Training BOOSTEZ VOS APTITUDES Vous souhaitez mettre \u00e0 jour ou d\u00e9velopper vos comp\u00e9tences et ou celles de vos collaborateurs pour une performance optimale face \u00e0 vos d\u00e9fis du quotidien ? Vous entretenez des contacts en permanence avec diff\u00e9rents interlocuteurs, que ce soit voscoll\u00e8gues, fournisseurs, clients et souhaiteriez parler le m\u00eame langage&#8230; D\u00e9veloppez vos aptitudes ainsi [&hellip;]<\/p>\n","protected":false},"author":1,"featured_media":0,"parent":0,"menu_order":0,"comment_status":"closed","ping_status":"closed","template":"","meta":{"saved_in_kubio":false,"qubely_global_settings":"","qubely_interactions":"","_uag_custom_page_level_css":"","ocean_post_layout":"","ocean_both_sidebars_style":"","ocean_both_sidebars_content_width":0,"ocean_both_sidebars_sidebars_width":0,"ocean_sidebar":"","ocean_second_sidebar":"","ocean_disable_margins":"enable","ocean_add_body_class":"","ocean_shortcode_before_top_bar":"","ocean_shortcode_after_top_bar":"","ocean_shortcode_before_header":"","ocean_shortcode_after_header":"","ocean_has_shortcode":"","ocean_shortcode_after_title":"","ocean_shortcode_before_footer_widgets":"","ocean_shortcode_after_footer_widgets":"","ocean_shortcode_before_footer_bottom":"","ocean_shortcode_after_footer_bottom":"","ocean_display_top_bar":"default","ocean_display_header":"default","ocean_header_style":"","ocean_center_header_left_menu":"","ocean_custom_header_template":"","ocean_custom_logo":0,"ocean_custom_retina_logo":0,"ocean_custom_logo_max_width":0,"ocean_custom_logo_tablet_max_width":0,"ocean_custom_logo_mobile_max_width":0,"ocean_custom_logo_max_height":0,"ocean_custom_logo_tablet_max_height":0,"ocean_custom_logo_mobile_max_height":0,"ocean_header_custom_menu":"","ocean_menu_typo_font_family":"","ocean_menu_typo_font_subset":"","ocean_menu_typo_font_size":0,"ocean_menu_typo_font_size_tablet":0,"ocean_menu_typo_font_size_mobile":0,"ocean_menu_typo_font_size_unit":"px","ocean_menu_typo_font_weight":"","ocean_menu_typo_font_weight_tablet":"","ocean_menu_typo_font_weight_mobile":"","ocean_menu_typo_transform":"","ocean_menu_typo_transform_tablet":"","ocean_menu_typo_transform_mobile":"","ocean_menu_typo_line_height":0,"ocean_menu_typo_line_height_tablet":0,"ocean_menu_typo_line_height_mobile":0,"ocean_menu_typo_line_height_unit":"","ocean_menu_typo_spacing":0,"ocean_menu_typo_spacing_tablet":0,"ocean_menu_typo_spacing_mobile":0,"ocean_menu_typo_spacing_unit":"","ocean_menu_link_color":"","ocean_menu_link_color_hover":"","ocean_menu_link_color_active":"","ocean_menu_link_background":"","ocean_menu_link_hover_background":"","ocean_menu_link_active_background":"","ocean_menu_social_links_bg":"","ocean_menu_social_hover_links_bg":"","ocean_menu_social_links_color":"","ocean_menu_social_hover_links_color":"","ocean_disable_title":"on","ocean_disable_heading":"default","ocean_post_title":"","ocean_post_subheading":"","ocean_post_title_style":"","ocean_post_title_background_color":"","ocean_post_title_background":0,"ocean_post_title_bg_image_position":"","ocean_post_title_bg_image_attachment":"","ocean_post_title_bg_image_repeat":"","ocean_post_title_bg_image_size":"","ocean_post_title_height":0,"ocean_post_title_bg_overlay":0.5,"ocean_post_title_bg_overlay_color":"","ocean_disable_breadcrumbs":"default","ocean_breadcrumbs_color":"","ocean_breadcrumbs_separator_color":"","ocean_breadcrumbs_links_color":"","ocean_breadcrumbs_links_hover_color":"","ocean_display_footer_widgets":"default","ocean_display_footer_bottom":"default","ocean_custom_footer_template":"","footnotes":""},"kubio_ai_page_context":{"short_desc":"","purpose":"general"},"uagb_featured_image_src":{"full":false,"thumbnail":false,"medium":false,"medium_large":false,"large":false,"1536x1536":false,"2048x2048":false,"ocean-thumb-m":false,"ocean-thumb-ml":false,"ocean-thumb-l":false,"kubio-fullhd":false,"qubely_landscape":false,"qubely_portrait":false,"qubely_thumbnail":false,"woocommerce_thumbnail":false,"woocommerce_single":false,"woocommerce_gallery_thumbnail":false,"shop_catalog":false,"shop_single":false,"shop_thumbnail":false},"uagb_author_info":{"display_name":"admin4019","author_link":"https:\/\/versum.be\/index.php\/author\/admin4019\/"},"uagb_comment_info":0,"uagb_excerpt":"Training BOOSTEZ VOS APTITUDES Vous souhaitez mettre \u00e0 jour ou d\u00e9velopper vos comp\u00e9tences et ou celles de vos collaborateurs pour une performance optimale face \u00e0 vos d\u00e9fis du quotidien ? Vous entretenez des contacts en permanence avec diff\u00e9rents interlocuteurs, que ce soit voscoll\u00e8gues, fournisseurs, clients et souhaiteriez parler le m\u00eame langage&#8230; D\u00e9veloppez vos aptitudes ainsi\u2026","_links":{"self":[{"href":"https:\/\/versum.be\/index.php\/wp-json\/wp\/v2\/pages\/9"}],"collection":[{"href":"https:\/\/versum.be\/index.php\/wp-json\/wp\/v2\/pages"}],"about":[{"href":"https:\/\/versum.be\/index.php\/wp-json\/wp\/v2\/types\/page"}],"author":[{"embeddable":true,"href":"https:\/\/versum.be\/index.php\/wp-json\/wp\/v2\/users\/1"}],"replies":[{"embeddable":true,"href":"https:\/\/versum.be\/index.php\/wp-json\/wp\/v2\/comments?post=9"}],"version-history":[{"count":135,"href":"https:\/\/versum.be\/index.php\/wp-json\/wp\/v2\/pages\/9\/revisions"}],"predecessor-version":[{"id":2329,"href":"https:\/\/versum.be\/index.php\/wp-json\/wp\/v2\/pages\/9\/revisions\/2329"}],"wp:attachment":[{"href":"https:\/\/versum.be\/index.php\/wp-json\/wp\/v2\/media?parent=9"}],"curies":[{"name":"wp","href":"https:\/\/api.w.org\/{rel}","templated":true}]}}