{"id":518,"date":"2021-12-12T18:45:10","date_gmt":"2021-12-12T17:45:10","guid":{"rendered":"https:\/\/versum.be\/?page_id=518"},"modified":"2024-04-23T18:55:04","modified_gmt":"2024-04-23T16:55:04","slug":"assessment","status":"publish","type":"page","link":"https:\/\/versum.be\/index.php\/assessment\/","title":{"rendered":"Assessment"},"content":{"rendered":"\n<div class=\"wp-block-uagb-container uagb-block-93e3d347 alignfull uagb-is-root-container\"><div class=\"uagb-container-inner-blocks-wrap\">\n<div class=\"wp-block-uagb-container uagb-block-14eee243\">\n<figure class=\"wp-block-image size-large\"><img loading=\"lazy\" decoding=\"async\" width=\"1024\" height=\"158\" src=\"https:\/\/versum.be\/wp-content\/uploads\/2024\/03\/assessments24x7_france_logo-1024x158.png\" alt=\"\" class=\"wp-image-1879\" srcset=\"https:\/\/versum.be\/wp-content\/uploads\/2024\/03\/assessments24x7_france_logo-1024x158.png 1024w, https:\/\/versum.be\/wp-content\/uploads\/2024\/03\/assessments24x7_france_logo-300x46.png 300w, https:\/\/versum.be\/wp-content\/uploads\/2024\/03\/assessments24x7_france_logo-768x118.png 768w, https:\/\/versum.be\/wp-content\/uploads\/2024\/03\/assessments24x7_france_logo-600x93.png 600w, https:\/\/versum.be\/wp-content\/uploads\/2024\/03\/assessments24x7_france_logo.png 1336w\" sizes=\"(max-width: 1024px) 100vw, 1024px\" \/><\/figure>\n\n\n\n<div class=\"wp-block-uagb-advanced-heading uagb-block-c5b704af\"><h2 class=\"uagb-heading-text\"><strong>UTILIS<strong>\u00c9<\/strong> ET VALID<strong>\u00c9<\/strong> PAR VERSUM !<\/strong><\/h2><div class=\"uagb-separator\"><\/div><\/div>\n\n\n\n<p class=\"has-text-align-left has-kubio-color-5-color has-text-color has-link-color has-medium-font-size wp-elements-8999e4896d3c28388fba3a00f444ecb3\">L\u2019outil d\u2019analyses comportementales avec le DISC et l\u2019intelligence \u00e9motionnelle.<\/p>\n\n\n\n<p class=\"has-text-align-left has-kubio-color-5-color has-text-color has-link-color has-medium-font-size wp-elements-21bd9e059afc9e002d97f802c7eece54\">Versum a fait le choix d\u2019utiliser les outils d\u2019Assessments 24\/7. Il offre des bases scientifiques solides pour l\u2019accompagnement des RH et des organismes.<\/p>\n<\/div>\n\n\n\n<div class=\"wp-block-uagb-container uagb-block-8d9b78d5\"><div class=\"wp-block-image is-style-default\">\n<figure class=\"aligncenter size-full is-resized\"><img loading=\"lazy\" decoding=\"async\" width=\"800\" height=\"800\" src=\"https:\/\/versum.be\/wp-content\/uploads\/2024\/03\/Assessments.png\" alt=\"\" class=\"wp-image-1864\" style=\"width:600px\" srcset=\"https:\/\/versum.be\/wp-content\/uploads\/2024\/03\/Assessments.png 800w, https:\/\/versum.be\/wp-content\/uploads\/2024\/03\/Assessments-300x300.png 300w, https:\/\/versum.be\/wp-content\/uploads\/2024\/03\/Assessments-150x150.png 150w, https:\/\/versum.be\/wp-content\/uploads\/2024\/03\/Assessments-768x768.png 768w, https:\/\/versum.be\/wp-content\/uploads\/2024\/03\/Assessments-600x600.png 600w, https:\/\/versum.be\/wp-content\/uploads\/2024\/03\/Assessments-100x100.png 100w\" sizes=\"(max-width: 800px) 100vw, 800px\" \/><\/figure><\/div><\/div>\n<\/div><\/div>\n\n\n\n<div class=\"wp-block-cover alignfull has-parallax\" style=\"min-height:284px;aspect-ratio:unset;\"><span aria-hidden=\"true\" class=\"wp-block-cover__background has-kubio-color-6-background-color has-background-dim-30 has-background-dim\"><\/span><div class=\"wp-block-cover__image-background wp-image-2295 has-parallax\" style=\"background-position:50% 50%;background-image:url(https:\/\/versum.be\/wp-content\/uploads\/2024\/04\/banniere-assessment.png)\"><\/div><div class=\"wp-block-cover__inner-container is-layout-flow wp-block-cover-is-layout-flow\">\n<div style=\"height:100px\" aria-hidden=\"true\" class=\"wp-block-spacer\"><\/div>\n\n\n\n<div class=\"wp-block-uagb-container uagb-block-46df2f87 alignfull uagb-is-root-container\"><div class=\"uagb-container-inner-blocks-wrap\">\n<header class=\"wp-block-uagb-advanced-heading uagb-block-1a0f93d0\"><h1 class=\"uagb-heading-text\">Notre mod\u00e8le d&rsquo;\u00e9valuation professionnel est adapt\u00e9 \u00e0 diff\u00e9rentes missions et niveaux de responsabilit\u00e9.<\/h1><\/header>\n\n\n\n<p class=\"has-text-align-center has-kubio-color-5-color has-text-color has-link-color has-medium-font-size wp-elements-37ac48da3216c111ec42a5068a6c8989\">Il permet de couvrir un large spectre, du d\u00e9butant au cadre exp\u00e9riment\u00e9. Il offre une analyse pr\u00e9cise des comp\u00e9tences, de la personnalit\u00e9 et des comportements, r\u00e9v\u00e9lant les capacit\u00e9s et le potentiel professionnel de chacun.<\/p>\n<\/div><\/div>\n\n\n\n<div class=\"wp-block-qubely-button qubely-block-3adae3\"><div class=\"qubely-block-btn-wrapper \"><div class=\"qubely-block-btn\"><a class=\"qubely-block-btn-anchor is-large\" href=\"https:\/\/versum.be\/index.php\/contact\/\">EN SAVOIR +<\/a><\/div><\/div><\/div>\n\n\n\n<div style=\"height:60px\" aria-hidden=\"true\" class=\"wp-block-spacer\"><\/div>\n<\/div><\/div>\n\n\n\n<div class=\"wp-block-uagb-container uagb-block-62c8c2ea alignfull uagb-is-root-container\"><div class=\"uagb-container-inner-blocks-wrap\">\n<div class=\"wp-block-uagb-container uagb-block-010fe8ef\">\n<div class=\"wp-block-uagb-image uagb-block-fc1824df wp-block-uagb-image--layout-default wp-block-uagb-image--effect-static wp-block-uagb-image--align-none\"><figure class=\"wp-block-uagb-image__figure\"><img decoding=\"async\" srcset=\"https:\/\/versum.be\/wp-content\/uploads\/2024\/04\/assessment-1024x858.png ,https:\/\/versum.be\/wp-content\/uploads\/2024\/04\/assessment.png 780w, https:\/\/versum.be\/wp-content\/uploads\/2024\/04\/assessment.png 360w\" sizes=\"(max-width: 480px) 150px\" src=\"https:\/\/versum.be\/wp-content\/uploads\/2024\/04\/assessment-1024x858.png\" alt=\"\" class=\"uag-image-2275\" width=\"2938\" height=\"2463\" title=\"assessment\" loading=\"lazy\" role=\"img\"\/><\/figure><\/div>\n<\/div>\n\n\n\n<div class=\"wp-block-uagb-container uagb-block-f794b33e\">\n<div class=\"wp-block-uagb-info-box uagb-block-9db810a6 uagb-infobox__content-wrap  uagb-infobox-icon-above-title uagb-infobox-image-valign-top\"><div class=\"uagb-ifb-content\"><div class=\"uagb-ifb-icon-wrap\"><svg xmlns=\"https:\/\/www.w3.org\/2000\/svg\" viewBox=\"0 0 512 512\"><path d=\"M0 256C0 114.6 114.6 0 256 0C397.4 0 512 114.6 512 256C512 397.4 397.4 512 256 512C114.6 512 0 397.4 0 256zM371.8 211.8C382.7 200.9 382.7 183.1 371.8 172.2C360.9 161.3 343.1 161.3 332.2 172.2L224 280.4L179.8 236.2C168.9 225.3 151.1 225.3 140.2 236.2C129.3 247.1 129.3 264.9 140.2 275.8L204.2 339.8C215.1 350.7 232.9 350.7 243.8 339.8L371.8 211.8z\"><\/path><\/svg><\/div><div class=\"uagb-ifb-title-wrap\"><h2 class=\"uagb-ifb-title\"><strong>DISC ASSESSMENT 24\/7<\/strong><br><strong>Le test de personnalit\u00e9<\/strong><\/h2><\/div><p class=\"uagb-ifb-desc\">En plus des entretiens et exercices de mise en situation, nous disposons d\u2019outils d\u2019\u00e9valuation, adapt\u00e9s \u00e0 tous les niveaux des candidats commerciaux.<br>Cet outil a pour objectif de d\u00e9livrer un aper\u00e7u de leurs personnalit\u00e9s, et de leurs comportements professionnels.<\/p><\/div><\/div>\n<\/div>\n<\/div><\/div>\n\n\n\n<div style=\"height:60px\" aria-hidden=\"true\" class=\"wp-block-spacer\"><\/div>\n\n\n\n<div class=\"wp-block-qubely-image qubely-block-cd7687\" data-qubelyanimation=\"{&quot;animation&quot;:&quot;flip&quot;,&quot;name&quot;:&quot;flipRight&quot;,&quot;repeat&quot;:&quot;once&quot;,&quot;direction&quot;:&quot;Right&quot;,&quot;duration&quot;:1000,&quot;delay&quot;:0,&quot;curve&quot;:&quot;ease-in-out&quot;,&quot;openAnimation&quot;:1}\"><div class=\"qubely-block-image qubley-block-interaction qubely-image-layout-simple\"><div class=\"qubely-image-media qubely-vertical-alignment-center qubely-horizontal-alignment-center\"><figure><div class=\"qubely-image-container\"><a href=\"https:\/\/versum.be\/\"><img decoding=\"async\" class=\"qubely-image-image\" src=\"https:\/\/versum.be\/wp-content\/uploads\/2024\/04\/home-logo.png\" srcset=\"https:\/\/versum.be\/wp-content\/uploads\/2024\/04\/home-logo.png 1x, https:\/\/versum.be\/wp-content\/uploads\/2024\/04\/home-logo2.png 2x\" alt=\"\"\/><\/a><\/div><\/figure><\/div><\/div><\/div>\n","protected":false},"excerpt":{"rendered":"<p>UTILIS\u00c9 ET VALID\u00c9 PAR VERSUM ! L\u2019outil d\u2019analyses comportementales avec le DISC et l\u2019intelligence \u00e9motionnelle. Versum a fait le choix d\u2019utiliser les outils d\u2019Assessments 24\/7. Il offre des bases scientifiques solides pour l\u2019accompagnement des RH et des organismes.<\/p>\n","protected":false},"author":1,"featured_media":0,"parent":0,"menu_order":0,"comment_status":"closed","ping_status":"closed","template":"","meta":{"saved_in_kubio":false,"qubely_global_settings":"","qubely_interactions":"","_uag_custom_page_level_css":"","ocean_post_layout":"","ocean_both_sidebars_style":"","ocean_both_sidebars_content_width":0,"ocean_both_sidebars_sidebars_width":0,"ocean_sidebar":"","ocean_second_sidebar":"","ocean_disable_margins":"enable","ocean_add_body_class":"","ocean_shortcode_before_top_bar":"","ocean_shortcode_after_top_bar":"","ocean_shortcode_before_header":"","ocean_shortcode_after_header":"","ocean_has_shortcode":"","ocean_shortcode_after_title":"","ocean_shortcode_before_footer_widgets":"","ocean_shortcode_after_footer_widgets":"","ocean_shortcode_before_footer_bottom":"","ocean_shortcode_after_footer_bottom":"","ocean_display_top_bar":"default","ocean_display_header":"default","ocean_header_style":"","ocean_center_header_left_menu":"","ocean_custom_header_template":"","ocean_custom_logo":0,"ocean_custom_retina_logo":0,"ocean_custom_logo_max_width":0,"ocean_custom_logo_tablet_max_width":0,"ocean_custom_logo_mobile_max_width":0,"ocean_custom_logo_max_height":0,"ocean_custom_logo_tablet_max_height":0,"ocean_custom_logo_mobile_max_height":0,"ocean_header_custom_menu":"","ocean_menu_typo_font_family":"","ocean_menu_typo_font_subset":"","ocean_menu_typo_font_size":0,"ocean_menu_typo_font_size_tablet":0,"ocean_menu_typo_font_size_mobile":0,"ocean_menu_typo_font_size_unit":"px","ocean_menu_typo_font_weight":"","ocean_menu_typo_font_weight_tablet":"","ocean_menu_typo_font_weight_mobile":"","ocean_menu_typo_transform":"","ocean_menu_typo_transform_tablet":"","ocean_menu_typo_transform_mobile":"","ocean_menu_typo_line_height":0,"ocean_menu_typo_line_height_tablet":0,"ocean_menu_typo_line_height_mobile":0,"ocean_menu_typo_line_height_unit":"","ocean_menu_typo_spacing":0,"ocean_menu_typo_spacing_tablet":0,"ocean_menu_typo_spacing_mobile":0,"ocean_menu_typo_spacing_unit":"","ocean_menu_link_color":"","ocean_menu_link_color_hover":"","ocean_menu_link_color_active":"","ocean_menu_link_background":"","ocean_menu_link_hover_background":"","ocean_menu_link_active_background":"","ocean_menu_social_links_bg":"","ocean_menu_social_hover_links_bg":"","ocean_menu_social_links_color":"","ocean_menu_social_hover_links_color":"","ocean_disable_title":"on","ocean_disable_heading":"default","ocean_post_title":"","ocean_post_subheading":"","ocean_post_title_style":"","ocean_post_title_background_color":"","ocean_post_title_background":0,"ocean_post_title_bg_image_position":"","ocean_post_title_bg_image_attachment":"","ocean_post_title_bg_image_repeat":"","ocean_post_title_bg_image_size":"","ocean_post_title_height":0,"ocean_post_title_bg_overlay":0.5,"ocean_post_title_bg_overlay_color":"","ocean_disable_breadcrumbs":"default","ocean_breadcrumbs_color":"","ocean_breadcrumbs_separator_color":"","ocean_breadcrumbs_links_color":"","ocean_breadcrumbs_links_hover_color":"","ocean_display_footer_widgets":"default","ocean_display_footer_bottom":"default","ocean_custom_footer_template":"","footnotes":""},"kubio_ai_page_context":{"short_desc":"","purpose":"general"},"uagb_featured_image_src":{"full":false,"thumbnail":false,"medium":false,"medium_large":false,"large":false,"1536x1536":false,"2048x2048":false,"ocean-thumb-m":false,"ocean-thumb-ml":false,"ocean-thumb-l":false,"kubio-fullhd":false,"qubely_landscape":false,"qubely_portrait":false,"qubely_thumbnail":false,"woocommerce_thumbnail":false,"woocommerce_single":false,"woocommerce_gallery_thumbnail":false,"shop_catalog":false,"shop_single":false,"shop_thumbnail":false},"uagb_author_info":{"display_name":"admin4019","author_link":"https:\/\/versum.be\/index.php\/author\/admin4019\/"},"uagb_comment_info":0,"uagb_excerpt":"UTILIS\u00c9 ET VALID\u00c9 PAR VERSUM ! L\u2019outil d\u2019analyses comportementales avec le DISC et l\u2019intelligence \u00e9motionnelle. Versum a fait le choix d\u2019utiliser les outils d\u2019Assessments 24\/7. Il offre des bases scientifiques solides pour l\u2019accompagnement des RH et des organismes.","_links":{"self":[{"href":"https:\/\/versum.be\/index.php\/wp-json\/wp\/v2\/pages\/518"}],"collection":[{"href":"https:\/\/versum.be\/index.php\/wp-json\/wp\/v2\/pages"}],"about":[{"href":"https:\/\/versum.be\/index.php\/wp-json\/wp\/v2\/types\/page"}],"author":[{"embeddable":true,"href":"https:\/\/versum.be\/index.php\/wp-json\/wp\/v2\/users\/1"}],"replies":[{"embeddable":true,"href":"https:\/\/versum.be\/index.php\/wp-json\/wp\/v2\/comments?post=518"}],"version-history":[{"count":112,"href":"https:\/\/versum.be\/index.php\/wp-json\/wp\/v2\/pages\/518\/revisions"}],"predecessor-version":[{"id":2300,"href":"https:\/\/versum.be\/index.php\/wp-json\/wp\/v2\/pages\/518\/revisions\/2300"}],"wp:attachment":[{"href":"https:\/\/versum.be\/index.php\/wp-json\/wp\/v2\/media?parent=518"}],"curies":[{"name":"wp","href":"https:\/\/api.w.org\/{rel}","templated":true}]}}