{"id":193,"date":"2021-03-16T17:39:16","date_gmt":"2021-03-16T16:39:16","guid":{"rendered":"https:\/\/versum.be\/?page_id=193"},"modified":"2024-05-16T15:21:17","modified_gmt":"2024-05-16T13:21:17","slug":"project-management","status":"publish","type":"page","link":"https:\/\/versum.be\/index.php\/project-management\/","title":{"rendered":"Interim Management"},"content":{"rendered":"\n<div class=\"wp-block-uagb-container uagb-block-93e3d347 alignfull uagb-is-root-container\"><div class=\"uagb-container-inner-blocks-wrap\">\n<div class=\"wp-block-uagb-container uagb-block-14eee243\">\n<header class=\"wp-block-uagb-advanced-heading uagb-block-f3aa093a\"><h1 class=\"uagb-heading-text\">Interim Management<\/h1><p class=\"uagb-desc-text\"><strong><strong><strong>RENFORCEZ VOTRE EQUIPE<\/strong><\/strong><\/strong><\/p><div class=\"uagb-separator\"><\/div><\/header>\n\n\n\n<p class=\"has-text-align-left has-kubio-color-5-color has-text-color has-link-color has-medium-font-size wp-elements-ca8d2a6c1a92ebde57dd65294e7d001f\">Votre entreprise ou organisation est en pleine mutation suite \u00e0 une augmentation inattendue de la charge de travail?<\/p>\n\n\n\n<p class=\"has-text-align-left has-kubio-color-5-color has-text-color has-link-color has-medium-font-size wp-elements-947c127c7dabc39c05be812166db8bf5\">\u00cates-vous \u00e0 la recherche de ressources et\/ou de comp\u00e9tences sp\u00e9cifiques disponibles imm\u00e9diatement pour un support temporaire ?<\/p>\n<\/div>\n\n\n\n<div class=\"wp-block-uagb-container uagb-block-8d9b78d5\"><div class=\"wp-block-image is-style-rounded\">\n<figure class=\"aligncenter size-large is-resized\"><img loading=\"lazy\" decoding=\"async\" width=\"1024\" height=\"1024\" src=\"https:\/\/versum.be\/wp-content\/uploads\/2024\/03\/Interim-management_sanstxt-1024x1024.png\" alt=\"\" class=\"wp-image-1669\" style=\"width:600px;height:auto\" srcset=\"https:\/\/versum.be\/wp-content\/uploads\/2024\/03\/Interim-management_sanstxt-1024x1024.png 1024w, https:\/\/versum.be\/wp-content\/uploads\/2024\/03\/Interim-management_sanstxt-300x300.png 300w, https:\/\/versum.be\/wp-content\/uploads\/2024\/03\/Interim-management_sanstxt-150x150.png 150w, https:\/\/versum.be\/wp-content\/uploads\/2024\/03\/Interim-management_sanstxt-768x768.png 768w, https:\/\/versum.be\/wp-content\/uploads\/2024\/03\/Interim-management_sanstxt-600x600.png 600w, https:\/\/versum.be\/wp-content\/uploads\/2024\/03\/Interim-management_sanstxt-1080x1080.png 1080w, https:\/\/versum.be\/wp-content\/uploads\/2024\/03\/Interim-management_sanstxt-100x100.png 100w, https:\/\/versum.be\/wp-content\/uploads\/2024\/03\/Interim-management_sanstxt.png 1200w\" sizes=\"(max-width: 1024px) 100vw, 1024px\" \/><\/figure><\/div><\/div>\n<\/div><\/div>\n\n\n\n<div style=\"height:25px\" aria-hidden=\"true\" class=\"wp-block-spacer\"><\/div>\n\n\n\n<p class=\"has-large-font-size\">Vous connaissez ces p\u00e9riodes avec une forte pression et surcharge de travail :<\/p>\n\n\n\n<div class=\"wp-block-group is-nowrap is-layout-flex wp-container-core-group-is-layout-1 wp-block-group-is-layout-flex\"><\/div>\n\n\n\n<div class=\"wp-block-group is-nowrap is-layout-flex wp-container-core-group-is-layout-2 wp-block-group-is-layout-flex\"><\/div>\n\n\n\n<div style=\"height:25px;width:0px\" aria-hidden=\"true\" class=\"wp-block-spacer\"><\/div>\n\n\n\n<figure class=\"wp-block-pullquote alignfull has-kubio-color-5-color has-text-color has-background has-link-color has-large-font-size wp-elements-cd249a209bf4d55e1d6d439dd2001fbb\" style=\"background-color:#25385c\"><blockquote><p>Vous cherchez \u00e0 renforcer vos \u00e9quipes pour mettre en place des processus efficaces et r\u00e9organiser rapidement vos d\u00e9partements.<\/p><\/blockquote><\/figure>\n\n\n\n<div style=\"height:25px\" aria-hidden=\"true\" class=\"wp-block-spacer\"><\/div>\n\n\n\n<div class=\"wp-block-columns is-layout-flex wp-container-core-columns-is-layout-1 wp-block-columns-is-layout-flex\" style=\"padding-right:0;padding-left:0\">\n<div class=\"wp-block-column is-vertically-aligned-center is-layout-flow wp-block-column-is-layout-flow\" style=\"flex-basis:25%\">\n<p class=\"has-text-align-center has-medium-font-size\">\u00c0 ce stade crucial, nous vous proposons un soutien temporaire et efficace pour atteindre vos objectifs.<\/p>\n<\/div>\n\n\n\n<div class=\"wp-block-column is-vertically-aligned-top is-layout-flow wp-block-column-is-layout-flow\"><div class=\"wp-block-image\">\n<figure class=\"aligncenter size-large\"><img loading=\"lazy\" decoding=\"async\" width=\"1024\" height=\"1024\" src=\"https:\/\/versum.be\/wp-content\/uploads\/2024\/05\/1-1024x1024.png\" alt=\"\" class=\"wp-image-2348\" srcset=\"https:\/\/versum.be\/wp-content\/uploads\/2024\/05\/1-1024x1024.png 1024w, https:\/\/versum.be\/wp-content\/uploads\/2024\/05\/1-300x300.png 300w, https:\/\/versum.be\/wp-content\/uploads\/2024\/05\/1-150x150.png 150w, https:\/\/versum.be\/wp-content\/uploads\/2024\/05\/1-768x768.png 768w, https:\/\/versum.be\/wp-content\/uploads\/2024\/05\/1-1536x1536.png 1536w, https:\/\/versum.be\/wp-content\/uploads\/2024\/05\/1-2048x2048.png 2048w, https:\/\/versum.be\/wp-content\/uploads\/2024\/05\/1-600x600.png 600w, https:\/\/versum.be\/wp-content\/uploads\/2024\/05\/1-1080x1080.png 1080w, https:\/\/versum.be\/wp-content\/uploads\/2024\/05\/1-100x100.png 100w\" sizes=\"(max-width: 1024px) 100vw, 1024px\" \/><\/figure><\/div>\n\n\n<h2 class=\"wp-block-heading has-text-align-center has-text-color has-link-color wp-elements-40a13f0a0702101f4c62e0dfb81d6fc9\" id=\"4--notre-expertise-\" style=\"color:#25385c\"><strong>FONCTION <\/strong><\/h2>\n\n\n\n<h2 class=\"wp-block-heading has-text-align-center has-text-color has-link-color wp-elements-d2d46b67e62dee4d9ac55292963b3736\" id=\"4--notre-expertise-\" style=\"color:#25385c\"><strong>\u00ab\u00a0SALES\u00a0\u00bb<\/strong><\/h2>\n\n\n\n<div style=\"height:10px\" aria-hidden=\"true\" class=\"wp-block-spacer\"><\/div>\n\n\n\n<p class=\"has-text-align-center has-text-color has-link-color has-medium-font-size wp-elements-81da93566547a943c69d66c67c56a60c\" style=\"color:#25385c\">Nous vous proposons notre domaine d&rsquo;expertise dans les postes de Sales Director, Business Manager, Business Developer et Sales Coach. <\/p>\n\n\n\n<p class=\"has-text-align-center has-text-color has-link-color has-medium-font-size wp-elements-5b3f31ac7e2a705f23cb4cdf060e924c\" style=\"color:#25385c\">Faites nous confiance pour dynamiser vos ventes et d\u00e9velopper votre entreprise. <\/p>\n<\/div>\n\n\n\n<div class=\"wp-block-column is-vertically-aligned-top is-layout-flow wp-block-column-is-layout-flow\">\n<figure class=\"wp-block-image size-large\"><img loading=\"lazy\" decoding=\"async\" width=\"1024\" height=\"1024\" src=\"https:\/\/versum.be\/wp-content\/uploads\/2024\/05\/2-1024x1024.png\" alt=\"\" class=\"wp-image-2349\" srcset=\"https:\/\/versum.be\/wp-content\/uploads\/2024\/05\/2-1024x1024.png 1024w, https:\/\/versum.be\/wp-content\/uploads\/2024\/05\/2-300x300.png 300w, https:\/\/versum.be\/wp-content\/uploads\/2024\/05\/2-150x150.png 150w, https:\/\/versum.be\/wp-content\/uploads\/2024\/05\/2-768x768.png 768w, https:\/\/versum.be\/wp-content\/uploads\/2024\/05\/2-1536x1536.png 1536w, https:\/\/versum.be\/wp-content\/uploads\/2024\/05\/2-2048x2048.png 2048w, https:\/\/versum.be\/wp-content\/uploads\/2024\/05\/2-600x600.png 600w, https:\/\/versum.be\/wp-content\/uploads\/2024\/05\/2-1080x1080.png 1080w, https:\/\/versum.be\/wp-content\/uploads\/2024\/05\/2-100x100.png 100w\" sizes=\"(max-width: 1024px) 100vw, 1024px\" \/><\/figure>\n\n\n\n<h2 class=\"wp-block-heading has-text-align-center has-text-color has-link-color wp-elements-b34fb4bb96fb62fe44b9cbe85f56abaa\" id=\"5--notre-flexibilit%C3%A9-\" style=\"color:#25385c\"><strong>FONCTION <\/strong><\/h2>\n\n\n\n<h2 class=\"wp-block-heading has-text-align-center has-text-color has-link-color wp-elements-1cdc0ac81f732815f7bb491a699d0a81\" id=\"5--notre-flexibilit%C3%A9-\" style=\"color:#25385c\"><strong>\u00ab\u00a0HUMAN RESSOURCES\u00a0\u00bb<\/strong><\/h2>\n\n\n\n<div style=\"height:10px\" aria-hidden=\"true\" class=\"wp-block-spacer\"><\/div>\n\n\n\n<p class=\"has-text-align-center has-text-color has-link-color has-medium-font-size wp-elements-d9315d71f7e3548064453673e00a2b48\" style=\"color:#25385c\">Nous proposons des services de Talent Acquisition et Talent Development. <\/p>\n\n\n\n<p class=\"has-text-align-center has-text-color has-link-color has-medium-font-size wp-elements-4f1946eb4dc21ad5ef818bfd4a40422c\" style=\"color:#25385c\">Nous nous occupons de recruter et d\u00e9velopper les talents de votre entreprise.<\/p>\n<\/div>\n\n\n\n<div class=\"wp-block-column is-vertically-aligned-top is-layout-flow wp-block-column-is-layout-flow\">\n<figure class=\"wp-block-image size-large\"><img loading=\"lazy\" decoding=\"async\" width=\"1024\" height=\"1024\" src=\"https:\/\/versum.be\/wp-content\/uploads\/2024\/05\/3-1024x1024.png\" alt=\"\" class=\"wp-image-2350\" srcset=\"https:\/\/versum.be\/wp-content\/uploads\/2024\/05\/3-1024x1024.png 1024w, https:\/\/versum.be\/wp-content\/uploads\/2024\/05\/3-300x300.png 300w, https:\/\/versum.be\/wp-content\/uploads\/2024\/05\/3-150x150.png 150w, https:\/\/versum.be\/wp-content\/uploads\/2024\/05\/3-768x768.png 768w, https:\/\/versum.be\/wp-content\/uploads\/2024\/05\/3-1536x1536.png 1536w, https:\/\/versum.be\/wp-content\/uploads\/2024\/05\/3-2048x2048.png 2048w, https:\/\/versum.be\/wp-content\/uploads\/2024\/05\/3-600x600.png 600w, https:\/\/versum.be\/wp-content\/uploads\/2024\/05\/3-1080x1080.png 1080w, https:\/\/versum.be\/wp-content\/uploads\/2024\/05\/3-100x100.png 100w\" sizes=\"(max-width: 1024px) 100vw, 1024px\" \/><\/figure>\n\n\n\n<h2 class=\"wp-block-heading has-text-align-center has-text-color has-link-color wp-elements-063b39bfd32298079ba7ac52cb41e1b4\" id=\"6--des-r%C3%A9sultats-\" style=\"color:#25385c\"><strong>FONCTION <\/strong><\/h2>\n\n\n\n<h2 class=\"wp-block-heading has-text-align-center has-text-color has-link-color wp-elements-b0f1cff5ed2f692d41cc6597c6c500ff\" id=\"6--des-r%C3%A9sultats-\" style=\"color:#25385c\"><strong>\u00ab\u00a0PROJECT MANAGER\u00a0\u00bb<\/strong><\/h2>\n\n\n\n<div style=\"height:10px\" aria-hidden=\"true\" class=\"wp-block-spacer\"><\/div>\n\n\n\n<p class=\"has-text-align-center has-text-color has-link-color has-medium-font-size wp-elements-94a65fcc0e70f4885bf05c5d4a4ee3d3\" style=\"color:#25385c\">Nous offrons des services sp\u00e9cialis\u00e9s en PMO et Process Improvement. <\/p>\n\n\n\n<p class=\"has-text-align-center has-text-color has-link-color has-medium-font-size wp-elements-690d2424fb4b0b72e02bbd89eff1dc4c\" style=\"color:#25385c\">Faites appel \u00e0 notre expertise pour optimiser vos processus et assurer une gestion de projet efficace.<\/p>\n<\/div>\n<\/div>\n\n\n\n<div style=\"height:40px\" aria-hidden=\"true\" class=\"wp-block-spacer\"><\/div>\n\n\n\t\t<div class='wp-block-ilb-icon-list  align' id='ilbIconList-d991f972-b' data-attributes='{&quot;cId&quot;:&quot;d991f972-b&quot;,&quot;title&quot;:&quot;NOS INTERIM MANAGERS SE TIENNENT A VOTRE DISPOSITION&quot;,&quot;desc&quot;:&quot;Notre intervention consiste \\u00e0 \\u00e9laborer des solutions concr\\u00e8tes, dans tous secteurs confondus, qui vous aident \\u00e0 atteindre vos objectifs tout en assurant la continuit\\u00e9 de vos activit\\u00e9s commerciales&quot;,&quot;lists&quot;:[{&quot;icon&quot;:{&quot;class&quot;:&quot;fa-solid fa-circle-check&quot;},&quot;text&quot;:&quot;Pour des start-ups\\\/PME&quot;,&quot;link&quot;:&quot;&quot;},{&quot;icon&quot;:{&quot;class&quot;:&quot;fa-solid fa-check-circle&quot;},&quot;text&quot;:&quot;Pour les grands groupes multinationaux&quot;,&quot;link&quot;:&quot;&quot;}],&quot;width&quot;:&quot;850px&quot;,&quot;padding&quot;:{&quot;vertical&quot;:&quot;30px&quot;,&quot;horizontal&quot;:&quot;25px&quot;,&quot;side&quot;:2,&quot;top&quot;:&quot;0px&quot;,&quot;right&quot;:&quot;0px&quot;,&quot;bottom&quot;:&quot;0px&quot;,&quot;left&quot;:&quot;0px&quot;},&quot;shadow&quot;:{&quot;blur&quot;:&quot;10px&quot;,&quot;color&quot;:&quot;rgba(252, 185, 0, 1)&quot;},&quot;headerMargin&quot;:{&quot;side&quot;:4,&quot;bottom&quot;:&quot;30px&quot;,&quot;left&quot;:&quot;0px&quot;,&quot;right&quot;:&quot;0px&quot;,&quot;vertical&quot;:&quot;0px&quot;,&quot;horizontal&quot;:&quot;0px&quot;,&quot;top&quot;:&quot;0px&quot;},&quot;titleColor&quot;:&quot;rgba(37, 56, 92, 1)&quot;,&quot;descTypo&quot;:{&quot;fontSize&quot;:{&quot;desktop&quot;:16,&quot;tablet&quot;:17,&quot;mobile&quot;:16},&quot;fontWeight&quot;:500},&quot;descColor&quot;:&quot;rgba(37, 56, 92, 1)&quot;,&quot;headerSep&quot;:{&quot;width&quot;:&quot;20%&quot;,&quot;height&quot;:&quot;2px&quot;,&quot;style&quot;:&quot;solid&quot;,&quot;color&quot;:&quot;rgba(252, 185, 0, 1)&quot;},&quot;listIconSize&quot;:26,&quot;listIconColors&quot;:{&quot;color&quot;:&quot;#fff&quot;,&quot;bg&quot;:&quot;rgba(252, 185, 0, 1)&quot;},&quot;listTextTypo&quot;:{&quot;fontSize&quot;:{&quot;desktop&quot;:22,&quot;tablet&quot;:15,&quot;mobile&quot;:15},&quot;textTransform&quot;:&quot;none&quot;,&quot;fontWeight&quot;:400,&quot;fontVariant&quot;:&quot;400&quot;},&quot;listTextColor&quot;:&quot;rgba(37, 56, 92, 1)&quot;,&quot;align&quot;:&quot;&quot;,&quot;isTitle&quot;:true,&quot;isDesc&quot;:true,&quot;isListLinkInNewTab&quot;:false,&quot;alignment&quot;:&quot;center&quot;,&quot;position&quot;:&quot;left&quot;,&quot;background&quot;:{&quot;color&quot;:&quot;#0000&quot;},&quot;border&quot;:[],&quot;titleTypo&quot;:{&quot;fontSize&quot;:{&quot;desktop&quot;:30,&quot;tablet&quot;:26,&quot;mobile&quot;:22},&quot;fontWeight&quot;:700,&quot;textTransform&quot;:&quot;uppercase&quot;},&quot;isHeaderSep&quot;:true}'><\/div>\r\n\r\n\t\t\n\n\n<div style=\"height:50px\" aria-hidden=\"true\" class=\"wp-block-spacer\"><\/div>\n\n\n\n<div class=\"wp-block-qubely-image qubely-block-b51bee\" data-qubelyanimation=\"{&quot;animation&quot;:&quot;flip&quot;,&quot;name&quot;:&quot;flipRight&quot;,&quot;repeat&quot;:&quot;once&quot;,&quot;direction&quot;:&quot;Right&quot;,&quot;duration&quot;:1000,&quot;delay&quot;:0,&quot;curve&quot;:&quot;ease-in-out&quot;,&quot;openAnimation&quot;:1}\"><div class=\"qubely-block-image qubley-block-interaction qubely-image-layout-simple\"><div class=\"qubely-image-media qubely-vertical-alignment-center qubely-horizontal-alignment-center\"><figure><div class=\"qubely-image-container\"><a href=\"https:\/\/versum.be\/\"><img decoding=\"async\" class=\"qubely-image-image\" src=\"https:\/\/versum.be\/wp-content\/uploads\/2024\/04\/home-logo.png\" srcset=\"https:\/\/versum.be\/wp-content\/uploads\/2024\/04\/home-logo.png 1x, https:\/\/versum.be\/wp-content\/uploads\/2024\/04\/home-logo2.png 2x\" alt=\"\"\/><\/a><\/div><\/figure><\/div><\/div><\/div>\n","protected":false},"excerpt":{"rendered":"<p>Interim Management RENFORCEZ VOTRE EQUIPE Votre entreprise ou organisation est en pleine mutation suite \u00e0 une augmentation inattendue de la charge de travail? \u00cates-vous \u00e0 la recherche de ressources et\/ou de comp\u00e9tences sp\u00e9cifiques disponibles imm\u00e9diatement pour un support temporaire ? Vous connaissez ces p\u00e9riodes avec une forte pression et surcharge de travail : Vous cherchez [&hellip;]<\/p>\n","protected":false},"author":1,"featured_media":0,"parent":0,"menu_order":0,"comment_status":"closed","ping_status":"closed","template":"","meta":{"saved_in_kubio":false,"qubely_global_settings":"","qubely_interactions":"","_uag_custom_page_level_css":"","ocean_post_layout":"","ocean_both_sidebars_style":"","ocean_both_sidebars_content_width":0,"ocean_both_sidebars_sidebars_width":0,"ocean_sidebar":"","ocean_second_sidebar":"","ocean_disable_margins":"enable","ocean_add_body_class":"","ocean_shortcode_before_top_bar":"","ocean_shortcode_after_top_bar":"","ocean_shortcode_before_header":"","ocean_shortcode_after_header":"","ocean_has_shortcode":"","ocean_shortcode_after_title":"","ocean_shortcode_before_footer_widgets":"","ocean_shortcode_after_footer_widgets":"","ocean_shortcode_before_footer_bottom":"","ocean_shortcode_after_footer_bottom":"","ocean_display_top_bar":"default","ocean_display_header":"default","ocean_header_style":"","ocean_center_header_left_menu":"","ocean_custom_header_template":"","ocean_custom_logo":0,"ocean_custom_retina_logo":0,"ocean_custom_logo_max_width":0,"ocean_custom_logo_tablet_max_width":0,"ocean_custom_logo_mobile_max_width":0,"ocean_custom_logo_max_height":0,"ocean_custom_logo_tablet_max_height":0,"ocean_custom_logo_mobile_max_height":0,"ocean_header_custom_menu":"","ocean_menu_typo_font_family":"","ocean_menu_typo_font_subset":"","ocean_menu_typo_font_size":0,"ocean_menu_typo_font_size_tablet":0,"ocean_menu_typo_font_size_mobile":0,"ocean_menu_typo_font_size_unit":"px","ocean_menu_typo_font_weight":"","ocean_menu_typo_font_weight_tablet":"","ocean_menu_typo_font_weight_mobile":"","ocean_menu_typo_transform":"","ocean_menu_typo_transform_tablet":"","ocean_menu_typo_transform_mobile":"","ocean_menu_typo_line_height":0,"ocean_menu_typo_line_height_tablet":0,"ocean_menu_typo_line_height_mobile":0,"ocean_menu_typo_line_height_unit":"","ocean_menu_typo_spacing":0,"ocean_menu_typo_spacing_tablet":0,"ocean_menu_typo_spacing_mobile":0,"ocean_menu_typo_spacing_unit":"","ocean_menu_link_color":"","ocean_menu_link_color_hover":"","ocean_menu_link_color_active":"","ocean_menu_link_background":"","ocean_menu_link_hover_background":"","ocean_menu_link_active_background":"","ocean_menu_social_links_bg":"","ocean_menu_social_hover_links_bg":"","ocean_menu_social_links_color":"","ocean_menu_social_hover_links_color":"","ocean_disable_title":"on","ocean_disable_heading":"default","ocean_post_title":"","ocean_post_subheading":"","ocean_post_title_style":"","ocean_post_title_background_color":"","ocean_post_title_background":0,"ocean_post_title_bg_image_position":"","ocean_post_title_bg_image_attachment":"","ocean_post_title_bg_image_repeat":"","ocean_post_title_bg_image_size":"","ocean_post_title_height":0,"ocean_post_title_bg_overlay":0.5,"ocean_post_title_bg_overlay_color":"","ocean_disable_breadcrumbs":"default","ocean_breadcrumbs_color":"","ocean_breadcrumbs_separator_color":"","ocean_breadcrumbs_links_color":"","ocean_breadcrumbs_links_hover_color":"","ocean_display_footer_widgets":"default","ocean_display_footer_bottom":"default","ocean_custom_footer_template":"","footnotes":""},"kubio_ai_page_context":{"short_desc":"","purpose":"general"},"uagb_featured_image_src":{"full":false,"thumbnail":false,"medium":false,"medium_large":false,"large":false,"1536x1536":false,"2048x2048":false,"ocean-thumb-m":false,"ocean-thumb-ml":false,"ocean-thumb-l":false,"kubio-fullhd":false,"qubely_landscape":false,"qubely_portrait":false,"qubely_thumbnail":false,"woocommerce_thumbnail":false,"woocommerce_single":false,"woocommerce_gallery_thumbnail":false,"shop_catalog":false,"shop_single":false,"shop_thumbnail":false},"uagb_author_info":{"display_name":"admin4019","author_link":"https:\/\/versum.be\/index.php\/author\/admin4019\/"},"uagb_comment_info":0,"uagb_excerpt":"Interim Management RENFORCEZ VOTRE EQUIPE Votre entreprise ou organisation est en pleine mutation suite \u00e0 une augmentation inattendue de la charge de travail? \u00cates-vous \u00e0 la recherche de ressources et\/ou de comp\u00e9tences sp\u00e9cifiques disponibles imm\u00e9diatement pour un support temporaire ? Vous connaissez ces p\u00e9riodes avec une forte pression et surcharge de travail : Vous cherchez\u2026","_links":{"self":[{"href":"https:\/\/versum.be\/index.php\/wp-json\/wp\/v2\/pages\/193"}],"collection":[{"href":"https:\/\/versum.be\/index.php\/wp-json\/wp\/v2\/pages"}],"about":[{"href":"https:\/\/versum.be\/index.php\/wp-json\/wp\/v2\/types\/page"}],"author":[{"embeddable":true,"href":"https:\/\/versum.be\/index.php\/wp-json\/wp\/v2\/users\/1"}],"replies":[{"embeddable":true,"href":"https:\/\/versum.be\/index.php\/wp-json\/wp\/v2\/comments?post=193"}],"version-history":[{"count":216,"href":"https:\/\/versum.be\/index.php\/wp-json\/wp\/v2\/pages\/193\/revisions"}],"predecessor-version":[{"id":2357,"href":"https:\/\/versum.be\/index.php\/wp-json\/wp\/v2\/pages\/193\/revisions\/2357"}],"wp:attachment":[{"href":"https:\/\/versum.be\/index.php\/wp-json\/wp\/v2\/media?parent=193"}],"curies":[{"name":"wp","href":"https:\/\/api.w.org\/{rel}","templated":true}]}}