{"id":138,"date":"2021-03-11T16:58:48","date_gmt":"2021-03-11T15:58:48","guid":{"rendered":"https:\/\/versum.be\/?page_id=138"},"modified":"2024-04-26T16:02:59","modified_gmt":"2024-04-26T14:02:59","slug":"consulting-3","status":"publish","type":"page","link":"https:\/\/versum.be\/index.php\/accueil\/consulting-3\/","title":{"rendered":"Consulting"},"content":{"rendered":"\n<div class=\"wp-block-uagb-container uagb-block-93e3d347 alignfull uagb-is-root-container\"><div class=\"uagb-container-inner-blocks-wrap\">\n<div class=\"wp-block-uagb-container uagb-block-14eee243\">\n<div class=\"wp-block-uagb-advanced-heading uagb-block-f3aa093a\"><h1 class=\"uagb-heading-text\">Consulting<\/h1><p class=\"uagb-desc-text\"><strong>CONSOLIDEZ VOTRE ORGANISATION<\/strong><\/p><div class=\"uagb-separator\"><\/div><\/div>\n\n\n\n<p class=\"has-text-align-left has-kubio-color-5-color has-text-color has-link-color has-medium-font-size wp-elements-f70a6edd030ce9af8c43efa15d819e5c\">Nous apportons notre expertise dans la<br>r\u00e9alisation de projets innovants et durables,<br>en mettant en \u0153uvre des processus et r\u00e9organiser rapidement vos d\u00e9partements.<\/p>\n\n\n\n<p class=\"has-text-align-left has-kubio-color-5-color has-text-color has-link-color has-medium-font-size wp-elements-d2525a0d0eddf1e4c5f41374c6f4cfb0\">Nous analysons la situation en profondeur<br>pour vous accompagner au mieux \u00e0 atteindre vos objectifs.<\/p>\n<\/div>\n\n\n\n<div class=\"wp-block-uagb-container uagb-block-8d9b78d5\"><div class=\"wp-block-image is-style-rounded\">\n<figure class=\"aligncenter size-large is-resized\"><img loading=\"lazy\" decoding=\"async\" width=\"1024\" height=\"1024\" src=\"https:\/\/versum.be\/wp-content\/uploads\/2024\/03\/Consulting_sanstxt-1024x1024.png\" alt=\"\" class=\"wp-image-1583\" style=\"width:600px\" srcset=\"https:\/\/versum.be\/wp-content\/uploads\/2024\/03\/Consulting_sanstxt-1024x1024.png 1024w, https:\/\/versum.be\/wp-content\/uploads\/2024\/03\/Consulting_sanstxt-300x300.png 300w, https:\/\/versum.be\/wp-content\/uploads\/2024\/03\/Consulting_sanstxt-150x150.png 150w, https:\/\/versum.be\/wp-content\/uploads\/2024\/03\/Consulting_sanstxt-768x768.png 768w, https:\/\/versum.be\/wp-content\/uploads\/2024\/03\/Consulting_sanstxt-600x600.png 600w, https:\/\/versum.be\/wp-content\/uploads\/2024\/03\/Consulting_sanstxt-1080x1080.png 1080w, https:\/\/versum.be\/wp-content\/uploads\/2024\/03\/Consulting_sanstxt-100x100.png 100w, https:\/\/versum.be\/wp-content\/uploads\/2024\/03\/Consulting_sanstxt.png 1400w\" sizes=\"(max-width: 1024px) 100vw, 1024px\" \/><\/figure><\/div><\/div>\n<\/div><\/div>\n\n\n\n<div class=\"wp-block-cover alignfull has-parallax has-kubio-color-5-color has-text-color has-link-color wp-elements-419834b8a35a1f9552fa1f56df158199\" style=\"min-height:245px;aspect-ratio:unset;\"><span aria-hidden=\"true\" class=\"wp-block-cover__background has-background-dim-70 has-background-dim\" style=\"background-color:#25385c\"><\/span><div class=\"wp-block-cover__image-background wp-image-1340 has-parallax\" style=\"background-position:50% 50%;background-image:url(https:\/\/versum.be\/wp-content\/uploads\/2024\/03\/image-banniere-1-e1709828500391.png)\"><\/div><div class=\"wp-block-cover__inner-container is-layout-constrained wp-block-cover-is-layout-constrained\">\n<p class=\"has-text-align-center has-kubio-color-5-color has-text-color has-link-color has-x-large-font-size wp-elements-2c0f335c63264b077bedfcf48a5ba9b6\">Diagnostic op\u00e9rationnel &amp; optimisation de processus<\/p>\n\n\n\n<p class=\"has-text-align-center has-kubio-color-5-color has-text-color has-link-color has-medium-font-size wp-elements-80224e7975de04168b996174bc198594\">Nous intervenons comme&nbsp; un v\u00e9ritable partenaire externalis\u00e9. <\/p>\n\n\n\n<p class=\"has-text-align-center has-kubio-color-5-color has-text-color has-link-color has-medium-font-size wp-elements-228c950c7c49cc3506f1b329c23207d1\">Nous traitons en amont (strat\u00e9gie, recrutement) et en support des actions en aval (onboarding, plan de formation, KPI) <\/p>\n\n\n\n<p class=\"has-text-align-center has-kubio-color-5-color has-text-color has-link-color has-medium-font-size wp-elements-d49b4fc7bf8424418cc1333a24c43fc4\">pour vous accompagner \u00e0 atteindre vos objectifs.<\/p>\n\n\n\n<p class=\"has-text-align-center has-kubio-color-5-color has-text-color has-link-color has-x-large-font-size wp-elements-ec1a78312ced9a758d855a164c71655a\">Nos domaines d&rsquo;interventions :<\/p>\n<\/div><\/div>\n\n\n\n<div class=\"wp-block-uagb-container uagb-block-039c2e98 alignfull uagb-is-root-container\"><div class=\"uagb-container-inner-blocks-wrap\">\n<div class=\"wp-block-uagb-container uagb-block-d7a962a8\">\n<h2 class=\"wp-block-heading has-text-align-center has-kubio-color-5-color has-text-color has-link-color has-large-font-size wp-elements-8849462ebb0a89d97cfeb0c2e973d676\"><strong>SALES STRATEGY<\/strong><\/h2>\n\n\n\n<p class=\"has-text-align-center has-kubio-color-5-color has-text-color has-link-color has-medium-font-size wp-elements-a54946c93d06b1b739c572017b4fc636\"><strong>STRATEGIE COMMERCIALE<\/strong><\/p>\n\n\n\n<p class=\"has-text-align-center has-kubio-color-5-color has-text-color has-link-color has-medium-font-size wp-elements-8e08508fcb32e6bb15735f2f557e0f62\"><strong>ORGANISATION COMMERCIALE<\/strong><\/p>\n\n\n\n<p class=\"has-text-align-center has-kubio-color-5-color has-text-color has-link-color has-medium-font-size wp-elements-84d595ef4862daf5d2f009762e5ae59c\"><strong>PROCESSUS COMMERCIAL<\/strong><\/p>\n<\/div>\n\n\n\n<div class=\"wp-block-uagb-container uagb-block-27139f7c\">\n<figure class=\"wp-block-image size-large is-style-rounded\"><img loading=\"lazy\" decoding=\"async\" width=\"1024\" height=\"962\" src=\"https:\/\/versum.be\/wp-content\/uploads\/2024\/04\/Resultat-1024x962.png\" alt=\"\" class=\"wp-image-2338\" srcset=\"https:\/\/versum.be\/wp-content\/uploads\/2024\/04\/Resultat-1024x962.png 1024w, https:\/\/versum.be\/wp-content\/uploads\/2024\/04\/Resultat-300x282.png 300w, https:\/\/versum.be\/wp-content\/uploads\/2024\/04\/Resultat-768x721.png 768w, https:\/\/versum.be\/wp-content\/uploads\/2024\/04\/Resultat-1536x1442.png 1536w, https:\/\/versum.be\/wp-content\/uploads\/2024\/04\/Resultat-2048x1923.png 2048w, https:\/\/versum.be\/wp-content\/uploads\/2024\/04\/Resultat-1150x1080.png 1150w, https:\/\/versum.be\/wp-content\/uploads\/2024\/04\/Resultat-600x563.png 600w\" sizes=\"(max-width: 1024px) 100vw, 1024px\" \/><\/figure>\n<\/div>\n\n\n\n<div class=\"wp-block-uagb-container uagb-block-77a7f59c\">\n<h2 class=\"wp-block-heading alignwide has-text-align-center has-kubio-color-5-color has-text-color has-link-color has-large-font-size wp-elements-46b669a77fa39d6344b0698642379330\"><strong>LEAN MANAGEMENT<\/strong><\/h2>\n\n\n\n<p class=\"has-text-align-center has-kubio-color-5-color has-text-color has-link-color has-medium-font-size wp-elements-da81faeaba6702eddbf381a76f4da5c9\"><strong>AMELIORATION CONTINUE<\/strong><\/p>\n\n\n\n<p class=\"has-text-align-center has-kubio-color-5-color has-text-color has-link-color has-medium-font-size wp-elements-9d2c2af2713500c718635401c3b4fcc2\"><strong>EXCELLENCE OPERATIONNELLE<\/strong><\/p>\n\n\n\n<p class=\"has-text-align-center has-kubio-color-5-color has-text-color has-link-color has-medium-font-size wp-elements-67166e050fec1917a2482934635e18a6\"><strong>OPTIMISATION DES PROCESSUS<\/strong><\/p>\n<\/div>\n<\/div><\/div>\n\n\n\n<div class=\"wp-block-qubely-image qubely-block-2ab4e0\" data-qubelyanimation=\"{&quot;animation&quot;:&quot;flip&quot;,&quot;name&quot;:&quot;flipRight&quot;,&quot;repeat&quot;:&quot;once&quot;,&quot;direction&quot;:&quot;Right&quot;,&quot;duration&quot;:1000,&quot;delay&quot;:0,&quot;curve&quot;:&quot;ease-in-out&quot;,&quot;openAnimation&quot;:1}\"><div class=\"qubely-block-image qubley-block-interaction qubely-image-layout-simple\"><div class=\"qubely-image-media qubely-vertical-alignment-center qubely-horizontal-alignment-center\"><figure><div class=\"qubely-image-container\"><a href=\"https:\/\/versum.be\/\"><img decoding=\"async\" class=\"qubely-image-image\" src=\"https:\/\/versum.be\/wp-content\/uploads\/2024\/04\/home-logo.png\" srcset=\"https:\/\/versum.be\/wp-content\/uploads\/2024\/04\/home-logo.png 1x, https:\/\/versum.be\/wp-content\/uploads\/2024\/04\/home-logo2.png 2x\" alt=\"\"\/><\/a><\/div><\/figure><\/div><\/div><\/div>\n","protected":false},"excerpt":{"rendered":"<p>Consulting CONSOLIDEZ VOTRE ORGANISATION Nous apportons notre expertise dans lar\u00e9alisation de projets innovants et durables,en mettant en \u0153uvre des processus et r\u00e9organiser rapidement vos d\u00e9partements. Nous analysons la situation en profondeurpour vous accompagner au mieux \u00e0 atteindre vos objectifs. SALES STRATEGY STRATEGIE COMMERCIALE ORGANISATION COMMERCIALE PROCESSUS COMMERCIAL LEAN MANAGEMENT AMELIORATION CONTINUE EXCELLENCE OPERATIONNELLE OPTIMISATION DES [&hellip;]<\/p>\n","protected":false},"author":1,"featured_media":0,"parent":8,"menu_order":0,"comment_status":"closed","ping_status":"closed","template":"","meta":{"saved_in_kubio":false,"qubely_global_settings":"","qubely_interactions":"","_uag_custom_page_level_css":"","ocean_post_layout":"","ocean_both_sidebars_style":"scs-style","ocean_both_sidebars_content_width":80,"ocean_both_sidebars_sidebars_width":10,"ocean_sidebar":"0","ocean_second_sidebar":"0","ocean_disable_margins":"enable","ocean_add_body_class":"","ocean_shortcode_before_top_bar":"","ocean_shortcode_after_top_bar":"","ocean_shortcode_before_header":"","ocean_shortcode_after_header":"","ocean_has_shortcode":"","ocean_shortcode_after_title":"","ocean_shortcode_before_footer_widgets":"","ocean_shortcode_after_footer_widgets":"","ocean_shortcode_before_footer_bottom":"","ocean_shortcode_after_footer_bottom":"","ocean_display_top_bar":"on","ocean_display_header":"on","ocean_header_style":"","ocean_center_header_left_menu":"0","ocean_custom_header_template":"0","ocean_custom_logo":0,"ocean_custom_retina_logo":0,"ocean_custom_logo_max_width":0,"ocean_custom_logo_tablet_max_width":0,"ocean_custom_logo_mobile_max_width":0,"ocean_custom_logo_max_height":0,"ocean_custom_logo_tablet_max_height":0,"ocean_custom_logo_mobile_max_height":0,"ocean_header_custom_menu":"0","ocean_menu_typo_font_family":"0","ocean_menu_typo_font_subset":"","ocean_menu_typo_font_size":0,"ocean_menu_typo_font_size_tablet":0,"ocean_menu_typo_font_size_mobile":0,"ocean_menu_typo_font_size_unit":"px","ocean_menu_typo_font_weight":"","ocean_menu_typo_font_weight_tablet":"","ocean_menu_typo_font_weight_mobile":"","ocean_menu_typo_transform":"","ocean_menu_typo_transform_tablet":"","ocean_menu_typo_transform_mobile":"","ocean_menu_typo_line_height":0,"ocean_menu_typo_line_height_tablet":0,"ocean_menu_typo_line_height_mobile":0,"ocean_menu_typo_line_height_unit":"","ocean_menu_typo_spacing":0,"ocean_menu_typo_spacing_tablet":0,"ocean_menu_typo_spacing_mobile":0,"ocean_menu_typo_spacing_unit":"","ocean_menu_link_color":"","ocean_menu_link_color_hover":"","ocean_menu_link_color_active":"","ocean_menu_link_background":"","ocean_menu_link_hover_background":"","ocean_menu_link_active_background":"","ocean_menu_social_links_bg":"","ocean_menu_social_hover_links_bg":"","ocean_menu_social_links_color":"","ocean_menu_social_hover_links_color":"","ocean_disable_title":"on","ocean_disable_heading":"enable","ocean_post_title":"CONSULTING","ocean_post_subheading":"Nos conseils","ocean_post_title_style":"centered","ocean_post_title_background_color":"#25385c","ocean_post_title_background":0,"ocean_post_title_bg_image_position":"center center","ocean_post_title_bg_image_attachment":"","ocean_post_title_bg_image_repeat":"","ocean_post_title_bg_image_size":"auto","ocean_post_title_height":0,"ocean_post_title_bg_overlay":0.5,"ocean_post_title_bg_overlay_color":"","ocean_disable_breadcrumbs":"off","ocean_breadcrumbs_color":"","ocean_breadcrumbs_separator_color":"","ocean_breadcrumbs_links_color":"","ocean_breadcrumbs_links_hover_color":"","ocean_display_footer_widgets":"default","ocean_display_footer_bottom":"default","ocean_custom_footer_template":"0","footnotes":""},"kubio_ai_page_context":{"short_desc":"","purpose":"general"},"uagb_featured_image_src":{"full":false,"thumbnail":false,"medium":false,"medium_large":false,"large":false,"1536x1536":false,"2048x2048":false,"ocean-thumb-m":false,"ocean-thumb-ml":false,"ocean-thumb-l":false,"kubio-fullhd":false,"qubely_landscape":false,"qubely_portrait":false,"qubely_thumbnail":false,"woocommerce_thumbnail":false,"woocommerce_single":false,"woocommerce_gallery_thumbnail":false,"shop_catalog":false,"shop_single":false,"shop_thumbnail":false},"uagb_author_info":{"display_name":"admin4019","author_link":"https:\/\/versum.be\/index.php\/author\/admin4019\/"},"uagb_comment_info":0,"uagb_excerpt":"Consulting CONSOLIDEZ VOTRE ORGANISATION Nous apportons notre expertise dans lar\u00e9alisation de projets innovants et durables,en mettant en \u0153uvre des processus et r\u00e9organiser rapidement vos d\u00e9partements. Nous analysons la situation en profondeurpour vous accompagner au mieux \u00e0 atteindre vos objectifs. SALES STRATEGY STRATEGIE COMMERCIALE ORGANISATION COMMERCIALE PROCESSUS COMMERCIAL LEAN MANAGEMENT AMELIORATION CONTINUE EXCELLENCE OPERATIONNELLE OPTIMISATION DES\u2026","_links":{"self":[{"href":"https:\/\/versum.be\/index.php\/wp-json\/wp\/v2\/pages\/138"}],"collection":[{"href":"https:\/\/versum.be\/index.php\/wp-json\/wp\/v2\/pages"}],"about":[{"href":"https:\/\/versum.be\/index.php\/wp-json\/wp\/v2\/types\/page"}],"author":[{"embeddable":true,"href":"https:\/\/versum.be\/index.php\/wp-json\/wp\/v2\/users\/1"}],"replies":[{"embeddable":true,"href":"https:\/\/versum.be\/index.php\/wp-json\/wp\/v2\/comments?post=138"}],"version-history":[{"count":245,"href":"https:\/\/versum.be\/index.php\/wp-json\/wp\/v2\/pages\/138\/revisions"}],"predecessor-version":[{"id":2340,"href":"https:\/\/versum.be\/index.php\/wp-json\/wp\/v2\/pages\/138\/revisions\/2340"}],"up":[{"embeddable":true,"href":"https:\/\/versum.be\/index.php\/wp-json\/wp\/v2\/pages\/8"}],"wp:attachment":[{"href":"https:\/\/versum.be\/index.php\/wp-json\/wp\/v2\/media?parent=138"}],"curies":[{"name":"wp","href":"https:\/\/api.w.org\/{rel}","templated":true}]}}